{"id":11,"date":"2016-02-15T10:37:40","date_gmt":"2016-02-15T09:37:40","guid":{"rendered":"http:\/\/svatebnisalon.studiobonadea.cz\/?page_id=11"},"modified":"2016-02-18T09:31:54","modified_gmt":"2016-02-18T08:31:54","slug":"doplnky-a-dekorace","status":"publish","type":"page","link":"https:\/\/svatebnisalon.studiobonadea.cz\/index.php\/doplnky-a-dekorace\/","title":{"rendered":"Dopl\u0148ky a dekorace"},"content":{"rendered":"<p><a href=\"http:\/\/svatebnisalon.studiobonadea.cz\/wp-content\/uploads\/2016\/02\/logo.gif\" rel=\"attachment wp-att-54\"><img loading=\"lazy\" decoding=\"async\" class=\"size-full wp-image-54 alignnone\" src=\"http:\/\/svatebnisalon.studiobonadea.cz\/wp-content\/uploads\/2016\/02\/logo.gif\" alt=\"logo\" width=\"521\" height=\"97\" \/><\/a><\/p>\n<h4><span style=\"text-decoration: underline;\"><a href=\"http:\/\/www.studiobonadea.cz\">Home<\/a><\/span>\u00a0 \u00a0\u00a0 <span style=\"text-decoration: underline;\"><a href=\"http:\/\/svatebnisalon.studiobonadea.cz\/index.php\/casto-kladene-dotazy\/\">\u010casto kladen\u00e9 dotazy<\/a><\/span>\u00a0 \u00a0\u00a0 <span style=\"text-decoration: underline;\"><a href=\"http:\/\/svatebnisalon.studiobonadea.cz\/index.php\/o-nas\/\">O n\u00e1s<\/a><\/span> \u00a0\u00a0\u00a0 <span style=\"text-decoration: underline;\"><a href=\"http:\/\/svatebnisalon.studiobonadea.cz\/index.php\/kontakt\/\">Kontakt<\/a><\/span><\/h4>\n<p>&nbsp;<\/p>\n<h2>Svatebn\u00ed salon Bona Dea<\/h2>\n<p>Poskytuje sv\u00fdm z\u00e1kazn\u00edk\u016fm krom\u011b svatebn\u00edch \u0161at\u016f a dal\u0161\u00edch slu\u017eeb tak\u00e9 \u0161irok\u00fd v\u00fdb\u011br svatebn\u00edch dekorac\u00ed, invent\u00e1\u0159e a svatebn\u00edho zbo\u017e\u00ed, no\u010dn\u00ed ko\u0161ilky pro svatebn\u00ed noc, kter\u00e9 budete na svou svatbu pot\u0159ebovat.<\/p>\n<p>N\u00e1\u0161 sortiment se neust\u00e1le dopl\u0148uje s ohledem na po\u017eadavky na\u0161ich z\u00e1kazn\u00edk\u016f.<\/p>\n<p>Dekorace si m\u016f\u017eete zap\u016fj\u010dit, ale m\u016f\u017eete si od n\u00e1s tak\u00e9 objednat V\u00ddZDOBU NA KL\u00cd\u010c. Na po\u017e\u00e1d\u00e1n\u00ed V\u00e1m sestav\u00edme n\u00e1vrh s rozpo\u010dtem dle Va\u0161ich po\u017eadavk\u016f .<\/p>\n<p>Vzhledem k velk\u00e9mu z\u00e1jmu o tyto slu\u017eby doporu\u010dujeme v\u010dasn\u00e9 rezervace.<\/p>\n","protected":false},"excerpt":{"rendered":"<p>Home\u00a0 \u00a0\u00a0 \u010casto kladen\u00e9 dotazy\u00a0 \u00a0\u00a0 O n\u00e1s \u00a0\u00a0\u00a0 Kontakt &nbsp; Svatebn\u00ed salon Bona Dea Poskytuje sv\u00fdm z\u00e1kazn\u00edk\u016fm krom\u011b svatebn\u00edch \u0161at\u016f a dal\u0161\u00edch slu\u017eeb tak\u00e9 \u0161irok\u00fd v\u00fdb\u011br svatebn\u00edch dekorac\u00ed, invent\u00e1\u0159e a svatebn\u00edho zbo\u017e\u00ed, no\u010dn\u00ed ko\u0161ilky pro svatebn\u00ed noc, kter\u00e9 budete na svou svatbu pot\u0159ebovat. N\u00e1\u0161 sortiment se neust\u00e1le dopl\u0148uje s ohledem na po\u017eadavky na\u0161ich z\u00e1kazn\u00edk\u016f. [&hellip;]<\/p>\n","protected":false},"author":1,"featured_media":0,"parent":0,"menu_order":0,"comment_status":"closed","ping_status":"closed","template":"","meta":{"footnotes":""},"class_list":["post-11","page","type-page","status-publish","hentry"],"_links":{"self":[{"href":"https:\/\/svatebnisalon.studiobonadea.cz\/index.php\/wp-json\/wp\/v2\/pages\/11","targetHints":{"allow":["GET"]}}],"collection":[{"href":"https:\/\/svatebnisalon.studiobonadea.cz\/index.php\/wp-json\/wp\/v2\/pages"}],"about":[{"href":"https:\/\/svatebnisalon.studiobonadea.cz\/index.php\/wp-json\/wp\/v2\/types\/page"}],"author":[{"embeddable":true,"href":"https:\/\/svatebnisalon.studiobonadea.cz\/index.php\/wp-json\/wp\/v2\/users\/1"}],"replies":[{"embeddable":true,"href":"https:\/\/svatebnisalon.studiobonadea.cz\/index.php\/wp-json\/wp\/v2\/comments?post=11"}],"version-history":[{"count":4,"href":"https:\/\/svatebnisalon.studiobonadea.cz\/index.php\/wp-json\/wp\/v2\/pages\/11\/revisions"}],"predecessor-version":[{"id":93,"href":"https:\/\/svatebnisalon.studiobonadea.cz\/index.php\/wp-json\/wp\/v2\/pages\/11\/revisions\/93"}],"wp:attachment":[{"href":"https:\/\/svatebnisalon.studiobonadea.cz\/index.php\/wp-json\/wp\/v2\/media?parent=11"}],"curies":[{"name":"wp","href":"https:\/\/api.w.org\/{rel}","templated":true}]}}