{"id":14,"date":"2016-02-15T10:37:58","date_gmt":"2016-02-15T09:37:58","guid":{"rendered":"http:\/\/svatebnisalon.studiobonadea.cz\/?page_id=14"},"modified":"2016-02-18T09:37:12","modified_gmt":"2016-02-18T08:37:12","slug":"o-nas","status":"publish","type":"page","link":"https:\/\/svatebnisalon.studiobonadea.cz\/index.php\/o-nas\/","title":{"rendered":"O n\u00e1s"},"content":{"rendered":"<p><a href=\"http:\/\/svatebnisalon.studiobonadea.cz\/wp-content\/uploads\/2016\/02\/logo.gif\" rel=\"attachment wp-att-54\"><img loading=\"lazy\" decoding=\"async\" class=\"alignnone size-full wp-image-54\" src=\"http:\/\/svatebnisalon.studiobonadea.cz\/wp-content\/uploads\/2016\/02\/logo.gif\" alt=\"logo\" width=\"521\" height=\"97\" \/><\/a><\/p>\n<h4><span style=\"text-decoration: underline;\"><a href=\"http:\/\/www.studiobonadea.cz\">Home<\/a><\/span> \u00a0 \u00a0 <span style=\"text-decoration: underline;\"><a href=\"http:\/\/svatebnisalon.studiobonadea.cz\/index.php\/casto-kladene-dotazy\/\">\u010casto kladen\u00e9 dotazy<\/a><\/span>\u00a0 \u00a0\u00a0 <span style=\"text-decoration: underline;\"><a href=\"http:\/\/svatebnisalon.studiobonadea.cz\/index.php\/o-nas\/\">O n\u00e1s<\/a><\/span> \u00a0\u00a0\u00a0 <span style=\"text-decoration: underline;\"><a href=\"http:\/\/svatebnisalon.studiobonadea.cz\/index.php\/kontakt\/\">Kontakt<\/a><\/span><\/h4>\n<p>&nbsp;<\/p>\n<h2>Studio Bona Dea otev\u00edr\u00e1 od 8.2.2016 svatebn\u00ed salon se \u0161irokou nab\u00eddkou slu\u017eeb<\/h2>\n<p>Nab\u00edz\u00edme v\u00fdb\u011br z dvou stovek \u0161at\u016f &#8211; svatebn\u00edch, spole\u010densk\u00fdch a plesov\u00fdch. M\u016f\u017eete tak\u00e9 vyu\u017e\u00edt mo\u017enosti u\u0161it\u00ed \u0161at\u016f na m\u00edru, dle Va\u0161eho v\u00fdb\u011bru, a to pouze za cenu p\u016fj\u010dovn\u00e9ho. Ke svatebn\u00edm \u0161at\u016fm neodmysliteln\u011b pat\u0159\u00ed tak\u00e9 svatebn\u00ed dopl\u0148ky, svatebn\u00ed kytice, svatebn\u00ed ozn\u00e1men\u00ed, dekorace na auta, \u0161ati\u010dky pro dru\u017ei\u010dky a ml\u00e1dence a svatebn\u00ed obuv.<\/p>\n<p>V na\u0161em salonu m\u016f\u017eete vyu\u017e\u00edt kompletn\u00ed servis zdarma v den Va\u0161\u00ed svatby, kter\u00fd dle Va\u0161eho p\u0159\u00e1n\u00ed m\u016f\u017ee zahrnovat:<br \/>\n&#8211; svatebn\u00ed \u00fa\u010des<br \/>\n&#8211; l\u00ed\u010den\u00ed<br \/>\n&#8211; obl\u00e9knut\u00ed do svatebn\u00edch \u0161at\u016f<br \/>\n&#8211; doprava nev\u011bsty do studia i ze studia v r\u00e1mci \u010cB<\/p>\n<p>D\u00e1le V\u00e1m m\u016f\u017eeme nab\u00eddnout 20% slevu na \u00fa\u010des a l\u00ed\u010den\u00ed pro maminky, babi\u010dky&#8230;<\/p>\n<p>V neposledn\u00ed \u0159ad\u011b m\u016f\u017eete proj\u00edt i tzv. P\u0158\u00cdPRAVOU NA SVATEBN\u00cd DEN, kter\u00e1 zahrnuje:<br \/>\n&#8211; kosmetiku<br \/>\n&#8211; manik\u00faru<br \/>\n&#8211; pedik\u00faru<br \/>\n&#8211; prodlou\u017een\u00ed \u0159as a vlas\u016f<br \/>\n&#8211; sol\u00e1rium<\/p>\n<p>Ke sv\u00fdm z\u00e1kaznic\u00edm p\u0159istupujeme individu\u00e1ln\u011b a na\u0161\u00edm hlavn\u00edm c\u00edlem je naplnit ve\u0161ker\u00e9 jejich touhy a jejich svatebn\u00ed den tak u\u010dinit nezapomenuteln\u00fdm.<\/p>\n<p>Nechte se v na\u0161em salonu h\u00fd\u010dkat a u\u010dinit ze sebe okouzluj\u00edc\u00ed nev\u011bstu.<\/p>\n<p>Kolektiv studia Bona Dea se t\u011b\u0161\u00ed na Va\u0161\u00ed n\u00e1v\u0161t\u011bvu.<\/p>\n","protected":false},"excerpt":{"rendered":"<p>Home \u00a0 \u00a0 \u010casto kladen\u00e9 dotazy\u00a0 \u00a0\u00a0 O n\u00e1s \u00a0\u00a0\u00a0 Kontakt &nbsp; Studio Bona Dea otev\u00edr\u00e1 od 8.2.2016 svatebn\u00ed salon se \u0161irokou nab\u00eddkou slu\u017eeb Nab\u00edz\u00edme v\u00fdb\u011br z dvou stovek \u0161at\u016f &#8211; svatebn\u00edch, spole\u010densk\u00fdch a plesov\u00fdch. M\u016f\u017eete tak\u00e9 vyu\u017e\u00edt mo\u017enosti u\u0161it\u00ed \u0161at\u016f na m\u00edru, dle Va\u0161eho v\u00fdb\u011bru, a to pouze za cenu p\u016fj\u010dovn\u00e9ho. Ke svatebn\u00edm \u0161at\u016fm [&hellip;]<\/p>\n","protected":false},"author":1,"featured_media":0,"parent":0,"menu_order":0,"comment_status":"closed","ping_status":"closed","template":"","meta":{"footnotes":""},"class_list":["post-14","page","type-page","status-publish","hentry"],"_links":{"self":[{"href":"https:\/\/svatebnisalon.studiobonadea.cz\/index.php\/wp-json\/wp\/v2\/pages\/14","targetHints":{"allow":["GET"]}}],"collection":[{"href":"https:\/\/svatebnisalon.studiobonadea.cz\/index.php\/wp-json\/wp\/v2\/pages"}],"about":[{"href":"https:\/\/svatebnisalon.studiobonadea.cz\/index.php\/wp-json\/wp\/v2\/types\/page"}],"author":[{"embeddable":true,"href":"https:\/\/svatebnisalon.studiobonadea.cz\/index.php\/wp-json\/wp\/v2\/users\/1"}],"replies":[{"embeddable":true,"href":"https:\/\/svatebnisalon.studiobonadea.cz\/index.php\/wp-json\/wp\/v2\/comments?post=14"}],"version-history":[{"count":6,"href":"https:\/\/svatebnisalon.studiobonadea.cz\/index.php\/wp-json\/wp\/v2\/pages\/14\/revisions"}],"predecessor-version":[{"id":95,"href":"https:\/\/svatebnisalon.studiobonadea.cz\/index.php\/wp-json\/wp\/v2\/pages\/14\/revisions\/95"}],"wp:attachment":[{"href":"https:\/\/svatebnisalon.studiobonadea.cz\/index.php\/wp-json\/wp\/v2\/media?parent=14"}],"curies":[{"name":"wp","href":"https:\/\/api.w.org\/{rel}","templated":true}]}}