{"id":17,"date":"2016-02-15T10:38:15","date_gmt":"2016-02-15T09:38:15","guid":{"rendered":"http:\/\/svatebnisalon.studiobonadea.cz\/?page_id=17"},"modified":"2016-02-18T09:30:42","modified_gmt":"2016-02-18T08:30:42","slug":"casto-kladene-dotazy","status":"publish","type":"page","link":"https:\/\/svatebnisalon.studiobonadea.cz\/index.php\/casto-kladene-dotazy\/","title":{"rendered":"\u010casto kladen\u00e9 dotazy"},"content":{"rendered":"<p><a href=\"http:\/\/svatebnisalon.studiobonadea.cz\/wp-content\/uploads\/2016\/02\/logo.gif\" rel=\"attachment wp-att-54\"><img loading=\"lazy\" decoding=\"async\" class=\"size-full wp-image-54 alignnone\" src=\"http:\/\/svatebnisalon.studiobonadea.cz\/wp-content\/uploads\/2016\/02\/logo.gif\" alt=\"logo\" width=\"521\" height=\"97\" \/><\/a><\/p>\n<h4><span style=\"text-decoration: underline;\"><a href=\"http:\/\/www.studiobonadea.cz\">Home<\/a><\/span>\u00a0\u00a0\u00a0\u00a0 <span style=\"text-decoration: underline;\"><a href=\"http:\/\/svatebnisalon.studiobonadea.cz\/index.php\/casto-kladene-dotazy\/\">\u010casto kladen\u00e9 dotazy<\/a><\/span>\u00a0 \u00a0\u00a0 <span style=\"text-decoration: underline;\"><a href=\"http:\/\/svatebnisalon.studiobonadea.cz\/index.php\/o-nas\/\">O n\u00e1s<\/a><\/span> \u00a0\u00a0\u00a0 <span style=\"text-decoration: underline;\"><a href=\"http:\/\/svatebnisalon.studiobonadea.cz\/index.php\/kontakt\/\">Kontakt<\/a><\/span><\/h4>\n<p>&nbsp;<\/p>\n<h2>\u010casto kladen\u00e9 dotazy<\/h2>\n<h4>Plat\u00ed se za zkou\u0161en\u00ed \u0161at\u016f n\u011bjak\u00fd poplatek?<\/h4>\n<p>Modely se zkou\u0161en\u00edm \u0161pin\u00ed a amortizuj\u00ed a na\u0161\u00edm c\u00edlem je uchr\u00e1nit Va\u0161e svatebn\u00ed \u0161aty nadm\u011brn\u00e9ho opot\u0159eben\u00ed. Poplatek 300,- K\u010d plat\u00ed i pro p\u0159\u00edpadn\u00e9 dal\u0161\u00ed n\u00e1v\u0161t\u011bvy, vyjma krej\u010dovsk\u00e9 zkou\u0161ky p\u0159ed svatbou.<\/p>\n<h4>Pro\u010d je nutn\u00e9 si rezervovat term\u00edn p\u0159edem?<\/h4>\n<p>Objednan\u00e1 z\u00e1kaznice si m\u016f\u017ee b\u00fdt jista, \u017ee ji v \u010das rezervace (s malou toleranc\u00ed) p\u0159ednostn\u011b obslou\u017e\u00edme a budeme pro ni m\u00edt vyhrazenu hodinu \u010dasu. Rezervace jsou zvl\u00e1\u0161\u0165 d\u016fle\u017eit\u00e9. Bez rezervace V\u00e1s samoz\u0159ejm\u011b tak\u00e9 r\u00e1di obslou\u017e\u00edme, pokud to bude jen trochu mo\u017en\u00e9, ale p\u0159eci si zaslou\u017e\u00edte na\u0161\u00ed plnou p\u00e9\u010di! Pokud ji\u017e p\u0159edem v\u00edte, \u017ee je pro V\u00e1s hodina na zkou\u0161ku m\u00e1lo, dejte n\u00e1m p\u0159i rezervaci term\u00ednu v\u011bd\u011bt, najdeme spole\u010dn\u011b vhodn\u00fd term\u00edn pro del\u0161\u00ed zkou\u0161ku.<\/p>\n<h4>Jak prob\u00edh\u00e1 p\u016fj\u010den\u00ed \u0161at\u016f?<\/h4>\n<p>Term\u00edn Va\u0161\u00ed n\u00e1v\u0161t\u011bvy je vhodn\u00e9 si rezervovat p\u0159edem telefonicky. Telefonn\u00ed \u010d\u00edslo pro rezervaci naleznete na str\u00e1nce Kontakt. Budete-li m\u00edt sv\u016fj term\u00edn rezervov\u00e1n, vyhnete se \u010dek\u00e1n\u00ed a my se V\u00e1m budeme moci pln\u011b v\u011bnovat. V pr\u016fb\u011bhu prvn\u00ed n\u00e1v\u0161t\u011bvy obvykle vyzkou\u0161\u00edte \u0161irokou \u0161k\u00e1lu \u0161at\u016f, zjist\u00edte, jak\u00fd st\u0159ih je pro V\u00e1s ten prav\u00fd, jak\u00fd z barevn\u00fdch t\u00f3n\u016f \u0161at\u016f se k V\u00e1m hod\u00ed a v ide\u00e1ln\u00edm p\u0159\u00edpad\u011b u n\u00e1s najdete sv\u00e9 vysn\u011bn\u00e9 \u0161aty. Pokud n\u00e1s nav\u0161t\u00edv\u00edte s dostate\u010dn\u00fdm p\u0159edstihem, m\u00e1te k dispozici tak\u00e9 mo\u017enost objedn\u00e1n\u00ed katalogov\u00fdch \u0161at\u016f. Po individu\u00e1ln\u00ed dohod\u011b je mo\u017en\u00e9 si \u0161aty \u0161it\u00e9 na m\u00edru i pouze vyp\u016fj\u010dit (plat\u00ed ur\u010dit\u00e1 omezen\u00ed &#8211; nen\u00ed nap\u0159. mo\u017en\u00e9 m\u00edt v sal\u00f3nu dva stejn\u00e9 modely). N\u00e1sledn\u011b sep\u00ed\u0161eme smlouvu o v\u00fdp\u016fj\u010dce \u0161at\u016f a po\u017e\u00e1d\u00e1me V\u00e1s o slo\u017een\u00ed z\u00e1lohy ve v\u00fd\u0161i 50 % p\u016fj\u010dovn\u00e9ho. Po jej\u00edm uhrazen\u00ed m\u00e1te konkr\u00e9tn\u00ed \u0161aty z\u00e1vazn\u011b rezervov\u00e1ny. N\u00e1sledn\u011b s V\u00e1mi domluv\u00edme term\u00edn p\u0159ezkou\u0161en\u00ed. Kr\u00e1tce (obvykle t\u00fdden) p\u0159ed term\u00ednem svatby\/plesu doraz\u00edte v dohodnut\u00fd term\u00edn na p\u0159ezkou\u0161en\u00ed \u0161at\u016f. \u00da\u010delem t\u00e9to n\u00e1v\u0161t\u011bvy je proveden\u00ed p\u0159\u00edpadn\u00fdch drobn\u00fdch krej\u010dovsk\u00fdch \u00faprav, kter\u00e9 zajist\u00ed dokonal\u00e9 padnut\u00ed \u0161at\u016f a kter\u00e9 jsou zahrnuty v cen\u011b p\u016fj\u010dovn\u00e9ho. V p\u0159\u00edpad\u011b, \u017ee by se Va\u0161e konfek\u010dn\u00ed velikost mezi zkou\u0161kami v\u00fdrazn\u011b zm\u011bnila, m\u00e1te, samoz\u0159ejm\u011b, mo\u017enost zvolit jin\u00fd model, kter\u00fd je na dan\u00fd term\u00edn k dispozici.<\/p>\n<h4>Co s sebou vz\u00edt na zkou\u0161ku?<\/h4>\n<p>&#8211; obuv, kterou budete m\u00edt ve svatebn\u00ed den \/ na ples<br \/>\n&#8211; spodn\u00ed pr\u00e1dlo, kter\u00e9 budete m\u00edt na sob\u011b ve svatebn\u00ed den \/ na ples (abychom ov\u011b\u0159ili, \u017ee nikde &#8222;nevykukuje&#8220;)<br \/>\n&#8211; hotovost na p\u0159\u00edpadn\u00e9 slo\u017een\u00ed z\u00e1ruky (v sou\u010dasn\u00e9 dob\u011b neakceptujeme platebn\u00ed karty)<\/p>\n<h4>Jak\u00e1 je v\u00fd\u0161e p\u016fj\u010dovn\u00e9ho?<\/h4>\n<p>P\u016fj\u010dovn\u00e9 se pohybuje ve velmi \u0161irok\u00e9m rozsahu. U spole\u010densk\u00fdch \u0161at\u016f v rozmez\u00ed 2500 &#8211; 5500 K\u010d. U svatebn\u00edch \u0161at\u016f od 7.900 K\u010d do 14.900 K\u010d. Horn\u00ed hranice p\u016fj\u010dovn\u00e9ho dosahuj\u00ed nejdra\u017e\u0161\u00ed modely svatebn\u00edch \u0161at\u016f, kter\u00e9 jsou mimo\u0159\u00e1dn\u011b zpracovan\u00e9, jejich po\u0159izovac\u00ed cena b\u00fdv\u00e1 velmi vysok\u00e1 a \u00fadr\u017eba n\u00e1ro\u010dn\u00e1. Ve svatebn\u00edm salonu Bona Dea si v\u017edy vyberete podle sv\u00e9ho vkusu i mo\u017enost\u00ed.<\/p>\n<h4>Co p\u016fj\u010dovn\u00e9 zahrnuje?<\/h4>\n<p>&#8211; zap\u016fj\u010den\u00ed \u0161at\u016f na 3-5 dn\u00ed (obvykle od p\u00e1tku do pond\u011bl\u00ed, av\u0161ak je mo\u017en\u00e1 jak\u00e1koliv individu\u00e1ln\u00ed dohoda)<br \/>\n&#8211; \u010di\u0161t\u011bn\u00ed b\u011b\u017en\u00e9ho zne\u010di\u0161t\u011bn\u00ed (p\u0159\u00edplatek za mimo\u0159\u00e1dn\u011b zne\u010di\u0161t\u011bn\u00e9 \u0161aty se \u0159e\u0161\u00ed individu\u00e1ln\u011b, je v\u0161ak zcela v\u00fdjime\u010dn\u00fd a nen\u00ed t\u0159eba se ho ob\u00e1vat)<br \/>\n&#8211; drobn\u00e9 krej\u010dovsk\u00e9 \u00fapravy (v n\u011bkter\u00fdch p\u0159\u00edpadech V\u00e1m m\u016f\u017eeme \u0161aty i zkr\u00e1tit)<\/p>\n<h4>Jak dlouho dop\u0159edu je t\u0159eba \u0161aty zamluvit?<\/h4>\n<p>Na tuto ot\u00e1zku existuje snadn\u00e1 odpov\u011b\u010f &#8211; \u010d\u00edm d\u0159\u00edve, t\u00edm l\u00e9pe. Doraz\u00edte-li s dostate\u010dn\u00fdm p\u0159edstihem, budete m\u00edt nej\u0161ir\u0161\u00ed v\u00fdb\u011br. To plat\u00ed zejm\u00e9na pro plesovou sez\u00f3nu a maturitn\u00ed \u0161aty, kdy nejv\u00edce rezervac\u00ed p\u0159ij\u00edm\u00e1me ji\u017e v z\u00e1\u0159\u00ed!<\/p>\n","protected":false},"excerpt":{"rendered":"<p>Home\u00a0\u00a0\u00a0\u00a0 \u010casto kladen\u00e9 dotazy\u00a0 \u00a0\u00a0 O n\u00e1s \u00a0\u00a0\u00a0 Kontakt &nbsp; \u010casto kladen\u00e9 dotazy Plat\u00ed se za zkou\u0161en\u00ed \u0161at\u016f n\u011bjak\u00fd poplatek? Modely se zkou\u0161en\u00edm \u0161pin\u00ed a amortizuj\u00ed a na\u0161\u00edm c\u00edlem je uchr\u00e1nit Va\u0161e svatebn\u00ed \u0161aty nadm\u011brn\u00e9ho opot\u0159eben\u00ed. Poplatek 300,- K\u010d plat\u00ed i pro p\u0159\u00edpadn\u00e9 dal\u0161\u00ed n\u00e1v\u0161t\u011bvy, vyjma krej\u010dovsk\u00e9 zkou\u0161ky p\u0159ed svatbou. Pro\u010d je nutn\u00e9 si rezervovat [&hellip;]<\/p>\n","protected":false},"author":1,"featured_media":0,"parent":0,"menu_order":0,"comment_status":"closed","ping_status":"closed","template":"","meta":{"footnotes":""},"class_list":["post-17","page","type-page","status-publish","hentry"],"_links":{"self":[{"href":"https:\/\/svatebnisalon.studiobonadea.cz\/index.php\/wp-json\/wp\/v2\/pages\/17","targetHints":{"allow":["GET"]}}],"collection":[{"href":"https:\/\/svatebnisalon.studiobonadea.cz\/index.php\/wp-json\/wp\/v2\/pages"}],"about":[{"href":"https:\/\/svatebnisalon.studiobonadea.cz\/index.php\/wp-json\/wp\/v2\/types\/page"}],"author":[{"embeddable":true,"href":"https:\/\/svatebnisalon.studiobonadea.cz\/index.php\/wp-json\/wp\/v2\/users\/1"}],"replies":[{"embeddable":true,"href":"https:\/\/svatebnisalon.studiobonadea.cz\/index.php\/wp-json\/wp\/v2\/comments?post=17"}],"version-history":[{"count":6,"href":"https:\/\/svatebnisalon.studiobonadea.cz\/index.php\/wp-json\/wp\/v2\/pages\/17\/revisions"}],"predecessor-version":[{"id":92,"href":"https:\/\/svatebnisalon.studiobonadea.cz\/index.php\/wp-json\/wp\/v2\/pages\/17\/revisions\/92"}],"wp:attachment":[{"href":"https:\/\/svatebnisalon.studiobonadea.cz\/index.php\/wp-json\/wp\/v2\/media?parent=17"}],"curies":[{"name":"wp","href":"https:\/\/api.w.org\/{rel}","templated":true}]}}