{"id":38,"date":"2016-02-15T12:32:33","date_gmt":"2016-02-15T11:32:33","guid":{"rendered":"http:\/\/svatebnisalon.studiobonadea.cz\/?page_id=38"},"modified":"2016-11-30T15:06:13","modified_gmt":"2016-11-30T14:06:13","slug":"kontakt","status":"publish","type":"page","link":"https:\/\/svatebnisalon.studiobonadea.cz\/index.php\/kontakt\/","title":{"rendered":"Kontakt"},"content":{"rendered":"<p><a href=\"http:\/\/svatebnisalon.studiobonadea.cz\/wp-content\/uploads\/2016\/02\/logo.gif\" rel=\"attachment wp-att-54\"><img loading=\"lazy\" decoding=\"async\" class=\"alignnone size-full wp-image-54\" src=\"http:\/\/svatebnisalon.studiobonadea.cz\/wp-content\/uploads\/2016\/02\/logo.gif\" alt=\"logo\" width=\"521\" height=\"97\" \/><\/a><\/p>\n<h4><span style=\"text-decoration: underline;\"><a href=\"http:\/\/www.studiobonadea.cz\">Home<\/a><\/span>\u00a0\u00a0\u00a0\u00a0 <span style=\"text-decoration: underline;\"><a href=\"http:\/\/svatebnisalon.studiobonadea.cz\/index.php\/casto-kladene-dotazy\/\">\u010casto kladen\u00e9 dotazy<\/a><\/span>\u00a0 \u00a0\u00a0 <span style=\"text-decoration: underline;\"><a href=\"http:\/\/svatebnisalon.studiobonadea.cz\/index.php\/o-nas\/\">O n\u00e1s<\/a><\/span> \u00a0\u00a0\u00a0 <span style=\"text-decoration: underline;\"><a href=\"http:\/\/svatebnisalon.studiobonadea.cz\/index.php\/kontakt\/\">Kontakt<\/a><\/span><\/h4>\n<p>&nbsp;<\/p>\n<h4>Studio Bona Dea<\/h4>\n<h4 class=\"obsah_text_3\">D\u016fm Harmonie 2.patro<br \/>\nHradebn\u00ed 351\/38<br \/>\n\u010cesk\u00e9 Bud\u011bjoivce 370 01<\/h4>\n<h4 class=\"obsah_text_3\">tel.: 381 242 007<br \/>\nmobil: 775 150 700.<br \/>\ne-mail: <a href=\"mailto:r.loubalova@seznam.cz\">r.loubalova@seznam.cz<\/a><\/h4>\n<h4 class=\"obsah_text_3\">PO-P\u00c1 \u00a09-19 h<br \/>\nSO &#8211; dle domluvy<\/h4>\n<h4 class=\"obsah_text_3\"><a href=\"https:\/\/www.facebook.com\/bonadeastudio.cz\" target=\"_blank\"><img loading=\"lazy\" decoding=\"async\" class=\"alignnone\" src=\"http:\/\/www.studiobonadea.cz\/images\/facebook_ikona.jpg\" alt=\"Facebook\" width=\"200\" height=\"54\" border=\"0\" \/><\/a><\/h4>\n<h4 class=\"obsah_text_2\">Odpov\u011bdn\u00e1 vedouc\u00ed:<\/h4>\n<h4 class=\"obsah_text_3\">Ren\u00e1ta Loubalov\u00e1 \u00a0I\u010c 695 65 104<\/h4>\n<h4 class=\"obsah_text_3\">Kamila \u010cerm\u00ednov\u00e1 \u00a0I\u010c 73503 967<\/h4>\n<h4 class=\"obsah_text_3\">Nikol Kube\u0161ov\u00e1 \u00a0I\u010c 030 95 452<\/h4>\n","protected":false},"excerpt":{"rendered":"<p>Home\u00a0\u00a0\u00a0\u00a0 \u010casto kladen\u00e9 dotazy\u00a0 \u00a0\u00a0 O n\u00e1s \u00a0\u00a0\u00a0 Kontakt &nbsp; Studio Bona Dea D\u016fm Harmonie 2.patro Hradebn\u00ed 351\/38 \u010cesk\u00e9 Bud\u011bjoivce 370 01 tel.: 381 242 007 mobil: 775 150 700. e-mail: r.loubalova@seznam.cz PO-P\u00c1 \u00a09-19 h SO &#8211; dle domluvy Odpov\u011bdn\u00e1 vedouc\u00ed: Ren\u00e1ta Loubalov\u00e1 \u00a0I\u010c 695 65 104 Kamila \u010cerm\u00ednov\u00e1 \u00a0I\u010c 73503 967 Nikol Kube\u0161ov\u00e1 \u00a0I\u010c [&hellip;]<\/p>\n","protected":false},"author":1,"featured_media":0,"parent":0,"menu_order":0,"comment_status":"closed","ping_status":"closed","template":"","meta":{"footnotes":""},"class_list":["post-38","page","type-page","status-publish","hentry"],"_links":{"self":[{"href":"https:\/\/svatebnisalon.studiobonadea.cz\/index.php\/wp-json\/wp\/v2\/pages\/38","targetHints":{"allow":["GET"]}}],"collection":[{"href":"https:\/\/svatebnisalon.studiobonadea.cz\/index.php\/wp-json\/wp\/v2\/pages"}],"about":[{"href":"https:\/\/svatebnisalon.studiobonadea.cz\/index.php\/wp-json\/wp\/v2\/types\/page"}],"author":[{"embeddable":true,"href":"https:\/\/svatebnisalon.studiobonadea.cz\/index.php\/wp-json\/wp\/v2\/users\/1"}],"replies":[{"embeddable":true,"href":"https:\/\/svatebnisalon.studiobonadea.cz\/index.php\/wp-json\/wp\/v2\/comments?post=38"}],"version-history":[{"count":7,"href":"https:\/\/svatebnisalon.studiobonadea.cz\/index.php\/wp-json\/wp\/v2\/pages\/38\/revisions"}],"predecessor-version":[{"id":100,"href":"https:\/\/svatebnisalon.studiobonadea.cz\/index.php\/wp-json\/wp\/v2\/pages\/38\/revisions\/100"}],"wp:attachment":[{"href":"https:\/\/svatebnisalon.studiobonadea.cz\/index.php\/wp-json\/wp\/v2\/media?parent=38"}],"curies":[{"name":"wp","href":"https:\/\/api.w.org\/{rel}","templated":true}]}}