{"id":5,"date":"2016-02-15T10:35:56","date_gmt":"2016-02-15T09:35:56","guid":{"rendered":"http:\/\/svatebnisalon.studiobonadea.cz\/?page_id=5"},"modified":"2016-02-18T09:38:02","modified_gmt":"2016-02-18T08:38:02","slug":"svatebni-saty","status":"publish","type":"page","link":"https:\/\/svatebnisalon.studiobonadea.cz\/","title":{"rendered":"Svatebn\u00ed \u0161aty"},"content":{"rendered":"<p><a href=\"http:\/\/svatebnisalon.studiobonadea.cz\/wp-content\/uploads\/2016\/02\/logo.gif\" rel=\"attachment wp-att-54\"><img loading=\"lazy\" decoding=\"async\" class=\"alignnone wp-image-54 size-full\" src=\"http:\/\/svatebnisalon.studiobonadea.cz\/wp-content\/uploads\/2016\/02\/logo.gif\" alt=\"\" width=\"521\" height=\"97\" \/><\/a><\/p>\n<h4><span style=\"text-decoration: underline;\"><a href=\"http:\/\/www.studiobonadea.cz\">Home<\/a><\/span>\u00a0\u00a0\u00a0\u00a0 <span style=\"text-decoration: underline;\"><a href=\"http:\/\/svatebnisalon.studiobonadea.cz\/index.php\/casto-kladene-dotazy\/\">\u010casto kladen\u00e9 dotazy<\/a><\/span>\u00a0 \u00a0\u00a0 <span style=\"text-decoration: underline;\"><a href=\"http:\/\/svatebnisalon.studiobonadea.cz\/index.php\/o-nas\/\">O n\u00e1s<\/a><\/span> \u00a0\u00a0\u00a0 <span style=\"text-decoration: underline;\"><a href=\"http:\/\/svatebnisalon.studiobonadea.cz\/index.php\/kontakt\/\">Kontakt<\/a><\/span><\/h4>\n<p>&nbsp;<\/p>\n<h2>Svatebn\u00ed \u0161aty<\/h2>\n<h3>Jak vybrat vhodn\u00e9 svatebn\u00ed \u0161aty pro Va\u0161i postavu?<\/h3>\n<p>Vybrat spr\u00e1vn\u00e9 svatebn\u00ed \u0161aty je v\u011bda, jak\u00fd zvolit st\u0159ih, materi\u00e1l, barvu, to v\u0161e m\u016f\u017ee b\u00fdt z\u00e1sadn\u00ed. N\u00ed\u017ee najdete p\u00e1r tip\u016f, kter\u00e9 V\u00e1m pomohou p\u0159i rozhodov\u00e1n\u00ed, jak\u00e9 svatebn\u00ed \u0161aty se hod\u00ed pr\u00e1v\u011b pro Va\u0161i postavu, na co se p\u0159i v\u00fdb\u011bru zam\u011b\u0159it a na co si d\u00e1t pozor.<\/p>\n<h4>P\u0159es\u00fdpac\u00ed hodiny<\/h4>\n<p><strong>Popis postavy:<\/strong> Typ Jennifer Lopez. M\u00e1te velmi \u017eenskou postavu s pln\u00fdm poprs\u00edm i boky a z\u0159eteln\u00fdm\/\u0161t\u00edhl\u00fdm pasem.<\/p>\n<p><strong>Na co se zam\u011b\u0159it: <\/strong>Dejte najevo sv\u00e9 \u017eensk\u00e9 k\u0159ivky. Boky i poprs\u00ed jsou v po\u0159\u00e1dku, proto se zam\u011b\u0159te p\u0159edev\u0161\u00edm na zv\u00fdrazn\u011bn\u00ed sv\u00e9ho \u0161t\u00edhl\u00e9ho pasu. Toho m\u016f\u017eete dos\u00e1hnout pou\u017eit\u00edm t\u011bsn\u011bj\u0161\u00edho bohat\u011b zdoben\u00e9ho korzetu. P\u0159i v\u00fdb\u011bru sukn\u011b m\u00e1te prakticky neomezen\u00e9 mo\u017enosti. Dob\u0159e bude vypadat A-\u010dkov\u00fd st\u0159ih, stejn\u011b jako \u0161irok\u00e1 nab\u00edran\u00e1 sukn\u011b typu princezna nebo m\u00edrn\u011b sn\u00ed\u017een\u00fd pas. Pokud jste vy\u0161\u0161\u00ed a celkov\u011b \u0161t\u00edhlej\u0161\u00ed, m\u016f\u017eete zkusit i velmi efektn\u00ed st\u0159ih mo\u0159sk\u00e1 panna.<\/p>\n<p><strong>Jak postupovat:<br \/>\n&#8211; <\/strong>zv\u00fdrazn\u011bte sv\u016fj pas, ujist\u011bte se, \u017ee V\u00e1s \u0161aty v oblasti pasu pevn\u011b obep\u00ednaj\u00ed, vyhn\u011bte se zv\u00fd\u0161en\u00e9mu pasu<br \/>\n&#8211; nechte odhalenu svou \u0161\u00edji a ramena volbou \u0161at\u016f bez ram\u00ednek, eventu\u00e1ln\u011b s jedn\u00edm ram\u00ednkem.<br \/>\n&#8211; zvolte hlub\u0161\u00ed, p\u0159\u00edp. srd\u00ed\u010dkov\u00fd v\u00fdst\u0159ih a p\u0159it\u00e1hn\u011bte k n\u011bmu pohledy<\/p>\n<p><strong>Vhodn\u00e9 st\u0159ihy:<\/strong> emp\u00edrov\u00fd st\u0159ih, A-\u010dkov\u00fd st\u0159ih, mo\u0159sk\u00e1 panna<\/p>\n<h4>Hru\u0161ka<\/h4>\n<p><strong>Popis postavy:<\/strong> V\u011bstonick\u00e1 venu\u0161e. Va\u0161e postava se sm\u011brem odshora dol\u016f roz\u0161i\u0159uje. M\u00e1te u\u017e\u0161\u00ed hrudn\u00edk a pas a \u0161ir\u0161\u00ed boky.<\/p>\n<p><strong>Na co se zam\u011b\u0159it:<\/strong> Pot\u0159ebujete ze\u0161t\u00edhlit spodn\u00ed polovinu postavy a vytvo\u0159it iluzi v\u00fdrazn\u011bj\u0161\u00ed a objemn\u011bj\u0161\u00ed horn\u00ed \u010d\u00e1sti. Ide\u00e1ln\u00ed \u0161aty pro Va\u0161i postavu budou emp\u00edrov\u00e9ho nebo A-st\u0159ihu se zv\u00fd\u0161en\u00fdm pasem a jednodu\u0161\u0161\u00ed pouze jemn\u011b se roz\u0161i\u0159uj\u00edc\u00ed hladkou sukn\u00ed, kter\u00e1 skryje Va\u0161e \u0161ir\u0161\u00ed boky. Vhodn\u00fd je pevn\u011bj\u0161\u00ed materi\u00e1l jako taft nebo sat\u00e9n, kter\u00fd s\u00e1m o sob\u011b dok\u00e1\u017ee dr\u017eet tvar a neobepne se okolo Va\u0161ich bok\u016f. Vyhn\u011bte se \u0161at\u016fm s p\u0159\u00edli\u0161 bohatou a v\u00fdraznou sukn\u00ed. Zv\u00fdraznit naopak pot\u0159ebujete horn\u00ed polovinu sv\u00e9ho t\u011bla.<\/p>\n<p><strong>Jak postupovat:<\/strong><br \/>\n&#8211; \u0161aty s pln\u00fdmi ruk\u00e1vky dodaj\u00ed na objemu horn\u00ed polovin\u011b t\u011bla<br \/>\n&#8211; pou\u017e\u00edt m\u016f\u017eete i krat\u0161\u00ed bolerko<br \/>\n&#8211; zkuste \u0161aty se zv\u00fd\u0161en\u00fdm pasem<br \/>\n&#8211; p\u0159\u00edt\u00e1hn\u011bte pozornost v\u00fdrazn\u011bj\u0161\u00ed bi\u017euteri\u00ed, zdoben\u00fdm a hlub\u0161\u00edm v\u00fdst\u0159ihem, n\u00e1hrdeln\u00edkem, atp.<\/p>\n<p><strong>Vhodn\u00e9 st\u0159ihy:<\/strong> A-\u010dkov\u00fd st\u0159ih, emp\u00edrov\u00fd st\u0159ih<\/p>\n<h4>Obd\u00e9ln\u00edk<\/h4>\n<p><strong>Popis postavy:<\/strong> M\u00e1te trochu chlapeckou postavu s p\u0159ibli\u017en\u011b stejn\u011b \u0161irok\u00fdmi rameny a boky a nev\u00fdrazn\u00fdm pasem.<\/p>\n<p><strong>Na co se zam\u011b\u0159it: <\/strong>Pochlubit se sv\u00fdmi \u0161t\u00edhl\u00fdmi op\u00e1len\u00fdmi pa\u017eemi, drobn\u00fdmi dopl\u0148ky pos\u00edlit svou \u017eenskost a vhodn\u011b zvolen\u00fdm korzetem a v\u00fdst\u0159ihem zv\u00fdraznit sv\u00e9 poprs\u00ed. Hledejte svatebn\u00ed \u0161aty, kter\u00e9 dodaj\u00ed Va\u0161emu t\u011blu k\u0159ivky tam, kde ve skute\u010dnosti chyb\u00ed. K tomu dob\u0159e poslu\u017e\u00ed \u0161aty s bohat\u011b nab\u00edranou sukn\u00ed. Dobrou pr\u00e1ci odvedou i \u0161aty emp\u00edrov\u00e9ho nebo A-\u010dkov\u00e9ho st\u0159ihu s m\u00edrn\u011b zv\u00fd\u0161en\u00fdm pasem, p\u0159ep\u00e1san\u00e9 p\u00e1skem, v\u00fdraznou bro\u017e\u00ed, p\u0159\u00edp. jin\u00fdm zdoben\u00edm.<\/p>\n<p><strong>Jak postupovat:<\/strong><br \/>\n&#8211; korzet by m\u011bl b\u00fdt pevn\u00fd a tvarovan\u00fd, aby p\u0159idal objem Va\u0161emu poprs\u00ed<br \/>\n&#8211; m\u016f\u017ee b\u00fdt bohat\u011b zdoben\u00fd a ve spodn\u00ed \u010d\u00e1sti se trochu roz\u0161i\u0159ovat &#8211; simulovat boky<br \/>\n&#8211; vyvarujte se kulat\u00e9ho v\u00fdst\u0159ihu lep\u0161\u00ed bude odhalen\u00e1 \u0161\u00edje a \u0161aty s \u00fazk\u00fdmi ram\u00ednky nebo bez ram\u00ednek, efektn\u00ed budou i odhalen\u00e1 z\u00e1da.<\/p>\n<p><strong>Vhodn\u00e9 st\u0159ihy:<\/strong> emp\u00edrov\u00fd st\u0159ih, A-\u010dkov\u00fd st\u0159ih, \u0161irok\u00e1 sukn\u011b, mo\u0159sk\u00e1 panna<\/p>\n<h4>Troj\u00faheln\u00edk<\/h4>\n<p><strong>Popis postavy:<\/strong> M\u00e1te postavu se \u0161ir\u0161\u00edmi rameny a hrudn\u00edkem, u\u017e\u0161\u00ed pas a \u0161t\u00edhl\u00e9 nohy. Horn\u00ed polovina Va\u0161\u00ed postavy p\u0159ipom\u00edn\u00e1 obr\u00e1cen\u00fd troj\u00faheln\u00edk.<\/p>\n<p><strong>Na co se zam\u011b\u0159it: <\/strong>Zv\u00fdraznit doln\u00ed polovinu postavy a dos\u00e1hnout v\u011bt\u0161\u00ed symetrie. Sna\u017ete se p\u0159it\u00e1hnout pozornost dol\u016f, volbou asymetrick\u00e9 nebo skl\u00e1dan\u00e9 sukn\u011b. \u00dasp\u011bch budou m\u00edt i \u0161aty, kter\u00e9 p\u0159i tanci rafinovan\u011b odhal\u00ed Va\u0161e l\u00edtka \u010di kolena. Jednodu\u0161e \u0159e\u010deno volte co nejjednodu\u0161\u0161\u00ed horn\u00ed \u010d\u00e1st a zaj\u00edmavou spodn\u00ed \u010d\u00e1st \u0161at\u016f.<\/p>\n<p><strong>Jak postupovat:<\/strong><br \/>\n&#8211; porozhl\u00e9dn\u011bte se po m\u00e9n\u011b zdoben\u00e9m korzetu, ramena nechte odhalen\u00e1<br \/>\n&#8211; optim\u00e1ln\u00ed v\u00fdst\u0159ih bude ve tvaru V &#8211; opticky z\u00fa\u017e\u00ed V\u00e1\u0161 hrudn\u00edk<br \/>\n&#8211; sn\u00ed\u017een\u00fd pas, krat\u0161\u00ed sukn\u011b (m\u00e1te-li vy\u0161\u0161\u00ed postavu), zdoben\u00fd spodn\u00ed lem, to v\u0161e vylep\u0161\u00ed siluetu<br \/>\n&#8211; rozhodn\u011b se vyvarujte \u00fazk\u00fdch sukn\u00ed<\/p>\n<p><strong>Vhodn\u00e9 st\u0159ihy:<\/strong> emp\u00edrov\u00fd st\u0159ih, A-\u010dkov\u00fd st\u0159ih, \u0161irok\u00e1 sukn\u011b<\/p>\n<h4>Jablko<\/h4>\n<p><strong>Popis postavy:<\/strong> Disponujete v\u011bt\u0161\u00edm poprs\u00edm i boky a V\u00e1\u0161 pas je nep\u0159\u00edli\u0161 v\u00fdrazn\u00fd, nohy mohou b\u00fdt \u0161t\u00edhlej\u0161\u00ed.<\/p>\n<p><strong>Na co se zam\u011b\u0159it:<\/strong> Hlavn\u00edm \u00fakolem je vytvo\u0159it pas a siluetu proporci\u00e1ln\u00ed postavy. K tomu nejl\u00e9pe poslou\u017e\u00ed t\u011bsn\u00fd \u0161n\u011brovac\u00ed korzet v kombinaci se \u0161irokou sukn\u00ed. Vyvarujte se korzetu s p\u0159\u00ed\u010dn\u00fdmi sklady nebo zdoben\u00edm. Vhodn\u00e9 naopak bude pod\u00e9ln\u00e9 zdoben\u00ed, kter\u00e9 prodlou\u017e\u00ed V\u00e1\u0161 trup.<\/p>\n<p><strong>Jak postupovat:<\/strong><br \/>\n&#8211; nechte odhalen\u00e1 ramena a pa\u017ee, neskr\u00fdvejte je do ruk\u00e1v\u016f nebo jinak, t\u00edm byste je zv\u011bt\u0161ila jejich objem a to nen\u00ed \u017e\u00e1douc\u00ed<br \/>\n&#8211; v\u00fdst\u0159ih volte m\u00e9n\u011b v\u00fdrazn\u00fd, p\u0159\u00edp. do V, mo\u017en\u00fd je i srd\u00ed\u010dkov\u00fd, pokud do n\u011bj m\u00e1te co d\u00e1t:)<br \/>\n&#8211; pas m\u016f\u017eete zv\u00fdraznit bro\u017e\u00ed, p\u00e1skem nebo jin\u00fdm zdoben\u00edm, sukn\u011b by se m\u011bla hned od pasu roz\u0161i\u0159ovat, vhodn\u00fd je pevn\u011bj\u0161\u00ed materi\u00e1l, kter\u00fd dr\u017e\u00ed tvar<\/p>\n<p><strong>Vhodn\u00e9 st\u0159ihy:<\/strong> emp\u00edrov\u00fd st\u0159ih, \u0161irok\u00e1 sukn\u011b<\/p>\n<h4>Dal\u0161\u00ed typy a triky<\/h4>\n<p><strong>Vysok\u00e1 postava<\/strong><br \/>\nVolte jednoduchou siluetu a m\u011bjte na pam\u011bti, \u017ee ka\u017ed\u00fd detail \u0161at\u016f by m\u011bl odpov\u00eddat Va\u0161im proporc\u00edm. Nap\u0159\u00edklad dlouh\u00e9 ruk\u00e1vy mus\u00ed zakr\u00fdvat i Va\u0161e z\u00e1p\u011bst\u00ed, aby to nevypadalo, \u017ee jste \u0161aty zd\u011bdila po n\u011bkom men\u0161\u00edm. Pozor dejte i p\u0159i v\u00fdb\u011bru sukn\u011b, nem\u011bla by b\u00fdt p\u0159\u00edli\u0161 kr\u00e1tk\u00e1, ne moc \u0161irok\u00e1, ale ani \u00fazk\u00e1, prost\u011b zlaty st\u0159ed:) Dlouh\u00e1 vle\u010dka ud\u011bl\u00e1 Va\u0161i postavu proporcion\u00e1ln\u011bj\u0161\u00ed.<\/p>\n<p><strong>Mal\u00e1 postava<\/strong><br \/>\nProdlou\u017een\u00ed postavy dos\u00e1hnete zv\u00fd\u0161en\u00fdm a zv\u00fdrazn\u011bn\u00fdm pasem. Pohledy p\u0159it\u00e1hn\u011bte k horn\u00ed polovin\u011b t\u011bla, vhodn\u00fdm zdoben\u00edm na korzetu, volte drobn\u011bj\u0161\u00ed, nic mohutn\u00e9ho. Dobr\u00fdch efekt\u016f dos\u00e1hnete i pou\u017eit\u00edm rukavi\u010dek, mal\u00e9ho v\u00fdst\u0159ihu, p\u0159\u00edp. \u00fazkou kr\u00e1tkou sukn\u00ed. Rad\u011bji se vyvarujte \u0161irok\u00fdch sukn\u00ed. Nezapome\u0148te na vysok\u00e9 podpatky.<\/p>\n","protected":false},"excerpt":{"rendered":"<p>Home\u00a0\u00a0\u00a0\u00a0 \u010casto kladen\u00e9 dotazy\u00a0 \u00a0\u00a0 O n\u00e1s \u00a0\u00a0\u00a0 Kontakt &nbsp; Svatebn\u00ed \u0161aty Jak vybrat vhodn\u00e9 svatebn\u00ed \u0161aty pro Va\u0161i postavu? Vybrat spr\u00e1vn\u00e9 svatebn\u00ed \u0161aty je v\u011bda, jak\u00fd zvolit st\u0159ih, materi\u00e1l, barvu, to v\u0161e m\u016f\u017ee b\u00fdt z\u00e1sadn\u00ed. N\u00ed\u017ee najdete p\u00e1r tip\u016f, kter\u00e9 V\u00e1m pomohou p\u0159i rozhodov\u00e1n\u00ed, jak\u00e9 svatebn\u00ed \u0161aty se hod\u00ed pr\u00e1v\u011b pro Va\u0161i postavu, na [&hellip;]<\/p>\n","protected":false},"author":1,"featured_media":0,"parent":0,"menu_order":0,"comment_status":"closed","ping_status":"closed","template":"","meta":{"footnotes":""},"class_list":["post-5","page","type-page","status-publish","hentry"],"_links":{"self":[{"href":"https:\/\/svatebnisalon.studiobonadea.cz\/index.php\/wp-json\/wp\/v2\/pages\/5","targetHints":{"allow":["GET"]}}],"collection":[{"href":"https:\/\/svatebnisalon.studiobonadea.cz\/index.php\/wp-json\/wp\/v2\/pages"}],"about":[{"href":"https:\/\/svatebnisalon.studiobonadea.cz\/index.php\/wp-json\/wp\/v2\/types\/page"}],"author":[{"embeddable":true,"href":"https:\/\/svatebnisalon.studiobonadea.cz\/index.php\/wp-json\/wp\/v2\/users\/1"}],"replies":[{"embeddable":true,"href":"https:\/\/svatebnisalon.studiobonadea.cz\/index.php\/wp-json\/wp\/v2\/comments?post=5"}],"version-history":[{"count":21,"href":"https:\/\/svatebnisalon.studiobonadea.cz\/index.php\/wp-json\/wp\/v2\/pages\/5\/revisions"}],"predecessor-version":[{"id":97,"href":"https:\/\/svatebnisalon.studiobonadea.cz\/index.php\/wp-json\/wp\/v2\/pages\/5\/revisions\/97"}],"wp:attachment":[{"href":"https:\/\/svatebnisalon.studiobonadea.cz\/index.php\/wp-json\/wp\/v2\/media?parent=5"}],"curies":[{"name":"wp","href":"https:\/\/api.w.org\/{rel}","templated":true}]}}