{"id":8,"date":"2016-02-15T10:36:50","date_gmt":"2016-02-15T09:36:50","guid":{"rendered":"http:\/\/svatebnisalon.studiobonadea.cz\/?page_id=8"},"modified":"2016-02-18T09:37:38","modified_gmt":"2016-02-18T08:37:38","slug":"spolecenske-saty","status":"publish","type":"page","link":"https:\/\/svatebnisalon.studiobonadea.cz\/index.php\/spolecenske-saty\/","title":{"rendered":"Spole\u010densk\u00e9 \u0161aty"},"content":{"rendered":"<p><a href=\"http:\/\/svatebnisalon.studiobonadea.cz\/wp-content\/uploads\/2016\/02\/logo.gif\" rel=\"attachment wp-att-54\"><img loading=\"lazy\" decoding=\"async\" class=\"size-full wp-image-54 alignnone\" src=\"http:\/\/svatebnisalon.studiobonadea.cz\/wp-content\/uploads\/2016\/02\/logo.gif\" alt=\"logo\" width=\"521\" height=\"97\" \/><\/a><\/p>\n<h4><span style=\"text-decoration: underline;\"><a href=\"http:\/\/www.studiobonadea.cz\">Home<\/a><\/span>\u00a0\u00a0 \u00a0 <span style=\"text-decoration: underline;\"><a href=\"http:\/\/svatebnisalon.studiobonadea.cz\/index.php\/casto-kladene-dotazy\/\">\u010casto kladen\u00e9 dotazy<\/a><\/span>\u00a0 \u00a0\u00a0 <span style=\"text-decoration: underline;\"><a href=\"http:\/\/svatebnisalon.studiobonadea.cz\/index.php\/o-nas\/\">O n\u00e1s<\/a><\/span> \u00a0\u00a0\u00a0 <span style=\"text-decoration: underline;\"><a href=\"http:\/\/svatebnisalon.studiobonadea.cz\/index.php\/kontakt\/\">Kontakt<\/a><\/span><\/h4>\n<p>&nbsp;<\/p>\n<h2>Spole\u010densk\u00e9 \u0161aty<\/h2>\n<p>P\u016fj\u010d\u00edme V\u00e1m spole\u010densk\u00e9 \u0161aty za neodolateln\u00e9 ceny na V\u00e1\u0161 maturitn\u00ed ples nebo jinou spole\u010denskou ud\u00e1lost. S na\u0161imi \u0161aty m\u00e1te jistotu, \u017ee budete na plese nejen kr\u00e1sn\u00e1, ale tak\u00e9 origin\u00e1ln\u00ed, jen tak se nestane, \u017ee potk\u00e1te n\u011bkoho se stejn\u00fdmi \u0161aty. N\u00e1\u0161 profesion\u00e1ln\u00ed t\u00fdm V\u00e1m r\u00e1d pom\u016f\u017ee a porad\u00ed s v\u00fdb\u011brem nejvhodn\u011bj\u0161\u00edch \u0161at\u016f a dopl\u0148k\u016f.<\/p>\n<p>&nbsp;<\/p>\n","protected":false},"excerpt":{"rendered":"<p>Home\u00a0\u00a0 \u00a0 \u010casto kladen\u00e9 dotazy\u00a0 \u00a0\u00a0 O n\u00e1s \u00a0\u00a0\u00a0 Kontakt &nbsp; Spole\u010densk\u00e9 \u0161aty P\u016fj\u010d\u00edme V\u00e1m spole\u010densk\u00e9 \u0161aty za neodolateln\u00e9 ceny na V\u00e1\u0161 maturitn\u00ed ples nebo jinou spole\u010denskou ud\u00e1lost. S na\u0161imi \u0161aty m\u00e1te jistotu, \u017ee budete na plese nejen kr\u00e1sn\u00e1, ale tak\u00e9 origin\u00e1ln\u00ed, jen tak se nestane, \u017ee potk\u00e1te n\u011bkoho se stejn\u00fdmi \u0161aty. N\u00e1\u0161 profesion\u00e1ln\u00ed t\u00fdm [&hellip;]<\/p>\n","protected":false},"author":1,"featured_media":0,"parent":0,"menu_order":0,"comment_status":"closed","ping_status":"closed","template":"","meta":{"footnotes":""},"class_list":["post-8","page","type-page","status-publish","hentry"],"_links":{"self":[{"href":"https:\/\/svatebnisalon.studiobonadea.cz\/index.php\/wp-json\/wp\/v2\/pages\/8","targetHints":{"allow":["GET"]}}],"collection":[{"href":"https:\/\/svatebnisalon.studiobonadea.cz\/index.php\/wp-json\/wp\/v2\/pages"}],"about":[{"href":"https:\/\/svatebnisalon.studiobonadea.cz\/index.php\/wp-json\/wp\/v2\/types\/page"}],"author":[{"embeddable":true,"href":"https:\/\/svatebnisalon.studiobonadea.cz\/index.php\/wp-json\/wp\/v2\/users\/1"}],"replies":[{"embeddable":true,"href":"https:\/\/svatebnisalon.studiobonadea.cz\/index.php\/wp-json\/wp\/v2\/comments?post=8"}],"version-history":[{"count":8,"href":"https:\/\/svatebnisalon.studiobonadea.cz\/index.php\/wp-json\/wp\/v2\/pages\/8\/revisions"}],"predecessor-version":[{"id":96,"href":"https:\/\/svatebnisalon.studiobonadea.cz\/index.php\/wp-json\/wp\/v2\/pages\/8\/revisions\/96"}],"wp:attachment":[{"href":"https:\/\/svatebnisalon.studiobonadea.cz\/index.php\/wp-json\/wp\/v2\/media?parent=8"}],"curies":[{"name":"wp","href":"https:\/\/api.w.org\/{rel}","templated":true}]}}